{"id":7475,"date":"2024-01-06T16:28:01","date_gmt":"2024-01-06T12:28:01","guid":{"rendered":"https:\/\/alrazanaonline.com\/product\/restoitalia-start-44-big\/"},"modified":"2025-11-14T17:35:50","modified_gmt":"2025-11-14T13:35:50","slug":"restoitalia-start-44-big","status":"publish","type":"product","link":"https:\/\/alrazanaonline.com\/ar\/product\/restoitalia-start-44-big\/","title":{"rendered":"\u0631\u064a\u0633\u062a\u0648 \u0625\u064a\u0637\u0627\u0644\u064a\u0627 \u0633\u062a\u0627\u0631\u062a 44 \u0628\u064a\u062c"},"content":{"rendered":"<p>\u0631\u064a\u0633\u062a\u0648 \u0625\u064a\u0637\u0627\u0644\u064a\u0627 \u0633\u062a\u0627\u0631\u062a 44 \u0628\u064a\u062c<\/p>\n<p>\u0641\u0631\u0646 \u0628\u064a\u062a\u0632\u0627 \u0643\u0647\u0631\u0628\u0627\u0626\u064a<\/p>\n<ul>\n<li style=\"list-style-type: none;\">\n<ul>\n<li>\u0627\u0644\u0633\u0639\u0629: 8 \u0642\u0637\u0639 \u00d7 360 \u0645\u0645 \u0642\u0637\u0631<\/li>\n<li>\u063a\u0631\u0641\u0629 \u0627\u0644\u062e\u0628\u0632: 2<\/li>\n<li>\u062f\u0631\u062c\u0629 \u0627\u0644\u062d\u0631\u0627\u0631\u0629: 50 &#8211; 500 \u062f\u0631\u062c\u0629 \u0645\u0626\u0648\u064a\u0629<\/li>\n<li>\u0645\u0635\u062f\u0631 \u0627\u0644\u0637\u0627\u0642\u0629: 230 &#8211; 400 \u0641\u0648\u0644\u062a | 50 \u0647\u0631\u062a\u0632 | 12 \u0643\u064a\u0644\u0648 \u0648\u0627\u0637<\/li>\n<li>\u0627\u0644\u0648\u0632\u0646: 89 \u0643\u062c\u0645<\/li>\n<li>\u0627\u0644\u0623\u0628\u0639\u0627\u062f \u0627\u0644\u062f\u0627\u062e\u0644\u064a\u0629: 2 \u00d7 (720 \u00d7 720 \u00d7 140) \u0645\u0645<\/li>\n<li>\u0627\u0644\u0623\u0628\u0639\u0627\u062f \u0627\u0644\u062e\u0627\u0631\u062c\u064a\u0629: 940 \u00d7 920 \u00d7 710 \u0645\u0645<\/li>\n<li>\u0627\u0644\u0645\u0648\u062f\u064a\u0644: \u0633\u062a\u0627\u0631\u062a 44 \u0628\u064a\u062c | \u0645\u062a\u0648\u0641\u0631 \u0623\u064a\u0636\u064b\u0627: <a href=\"https:\/\/www.alrazanaonline.com\/product\/resto-italia-start-4-big\/\"><span style=\"color: #0000ff;\">\u0633\u062a\u0627\u0631\u062a 4 \u0628\u064a\u062c<\/span><\/a><\/li>\n<li>\u0627\u0644\u0639\u0644\u0627\u0645\u0629 \u0627\u0644\u062a\u062c\u0627\u0631\u064a\u0629: restoitalia<\/li>\n<li>\u0635\u0646\u0639 \u0641\u064a \u0625\u064a\u0637\u0627\u0644\u064a\u0627<\/li>\n<\/ul>\n<\/li>\n<\/ul>\n<p style=\"text-align: center;\"><span style=\"color: #3366ff;\">| <a style=\"color: #3366ff;\" href=\"https:\/\/www.alrazanaonline.com\/\">\u0627\u0644\u0639\u0648\u062f\u0629 \u0625\u0644\u0649 \u0627\u0644\u0635\u0641\u062d\u0629 \u0627\u0644\u0631\u0626\u064a\u0633\u064a\u0629 <\/a>|| <a style=\"color: #3366ff;\" href=\"https:\/\/www.alrazanaonline.com\/shop-commercial-kitchen-equipments\/\">\u0627\u0644\u0639\u0648\u062f\u0629 \u0625\u0644\u0649 \u0627\u0644\u0645\u062a\u062c\u0631 |<\/a><\/span><\/p>\n","protected":false},"excerpt":{"rendered":"<p>\u0631\u064a\u0633\u062a\u0648 \u0625\u064a\u0637\u0627\u0644\u064a\u0627 \u0633\u062a\u0627\u0631\u062a 44 \u0628\u064a\u062c \u0641\u0631\u0646 \u0628\u064a\u062a\u0632\u0627 \u0643\u0647\u0631\u0628\u0627\u0626\u064a \u0627\u0644\u0633\u0639\u0629: 8 \u0642\u0637\u0639 \u00d7 360 \u0645\u0645 \u0642\u0637\u0631 \u063a\u0631\u0641\u0629 \u0627\u0644\u062e\u0628\u0632: 2 \u062f\u0631\u062c\u0629 \u0627\u0644\u062d\u0631\u0627\u0631\u0629:<\/p>\n","protected":false},"featured_media":5730,"comment_status":"open","ping_status":"closed","template":"","meta":[],"product_brand":[],"product_cat":[394,393,386,452],"product_tag":[],"class_list":{"0":"post-7475","1":"product","2":"type-product","3":"status-publish","4":"has-post-thumbnail","6":"product_cat-394","7":"product_cat-393","8":"product_cat-386","9":"product_cat-452","11":"first","12":"instock","13":"taxable","14":"shipping-taxable","15":"product-type-simple"},"_links":{"self":[{"href":"https:\/\/alrazanaonline.com\/ar\/wp-json\/wp\/v2\/product\/7475","targetHints":{"allow":["GET"]}}],"collection":[{"href":"https:\/\/alrazanaonline.com\/ar\/wp-json\/wp\/v2\/product"}],"about":[{"href":"https:\/\/alrazanaonline.com\/ar\/wp-json\/wp\/v2\/types\/product"}],"replies":[{"embeddable":true,"href":"https:\/\/alrazanaonline.com\/ar\/wp-json\/wp\/v2\/comments?post=7475"}],"version-history":[{"count":0,"href":"https:\/\/alrazanaonline.com\/ar\/wp-json\/wp\/v2\/product\/7475\/revisions"}],"wp:featuredmedia":[{"embeddable":true,"href":"https:\/\/alrazanaonline.com\/ar\/wp-json\/wp\/v2\/media\/5730"}],"wp:attachment":[{"href":"https:\/\/alrazanaonline.com\/ar\/wp-json\/wp\/v2\/media?parent=7475"}],"wp:term":[{"taxonomy":"product_brand","embeddable":true,"href":"https:\/\/alrazanaonline.com\/ar\/wp-json\/wp\/v2\/product_brand?post=7475"},{"taxonomy":"product_cat","embeddable":true,"href":"https:\/\/alrazanaonline.com\/ar\/wp-json\/wp\/v2\/product_cat?post=7475"},{"taxonomy":"product_tag","embeddable":true,"href":"https:\/\/alrazanaonline.com\/ar\/wp-json\/wp\/v2\/product_tag?post=7475"}],"curies":[{"name":"wp","href":"https:\/\/api.w.org\/{rel}","templated":true}]}}