{"id":7397,"date":"2024-01-06T16:44:11","date_gmt":"2024-01-06T12:44:11","guid":{"rendered":"https:\/\/alrazanaonline.com\/product\/electric-fryer-fe-77-ev-red-fox\/"},"modified":"2025-11-14T16:37:45","modified_gmt":"2025-11-14T12:37:45","slug":"electric-fryer-fe-77-ev-red-fox","status":"publish","type":"product","link":"https:\/\/alrazanaonline.com\/ar\/product\/electric-fryer-fe-77-ev-red-fox\/","title":{"rendered":"\u0645\u0642\u0644\u0627\u0629 \u0643\u0647\u0631\u0628\u0627\u0626\u064a\u0629 (FE-77-EV) &#8211; Red Fox"},"content":{"rendered":"<p>\u0645\u0642\u0644\u0627\u0629 \u0643\u0647\u0631\u0628\u0627\u0626\u064a\u0629 (FE-77-EV) &#8211; Red Fox<\/p>\n<ul>\n<li style=\"list-style-type: none;\">\n<ul>\n<li>\u0645\u0639 \u0635\u0646\u0628\u0648\u0631 \u062a\u0635\u0631\u064a\u0641 \u0627\u0644\u0632\u064a\u062a<\/li>\n<li>\u0627\u0644\u0633\u0639\u0629: 2 \u00d7 8 \u0644\u062a\u0631<\/li>\n<li>\u062d\u062c\u0645 \u0627\u0644\u0633\u0644\u0629: 2 \u00d7 210 \u00d7 235 \u00d7 100 \u0645\u0645<\/li>\n<li>\u062f\u0631\u062c\u0629 \u0627\u0644\u062d\u0631\u0627\u0631\u0629: 50 ~ 190 \u062f\u0631\u062c\u0629 \u0645\u0626\u0648\u064a\u0629<\/li>\n<li>\u0627\u0644\u0637\u0627\u0642\u0629: 230 \u0641\u0648\u0644\u062a | 50~60 \u0647\u0631\u062a\u0632 | 2 \u00d7 3 \u0643\u064a\u0644\u0648 \u0648\u0627\u0637<\/li>\n<li>\u0627\u0644\u0648\u0632\u0646: 12 \u0643\u064a\u0644\u0648 \u062c\u0631\u0627\u0645<\/li>\n<li>\u0627\u0644\u0623\u0628\u0639\u0627\u062f: 540 \u00d7 420 \u00d7 300 \u0645\u0645<\/li>\n<li>\u0627\u0644\u0645\u0648\u062f\u064a\u0644: FE-77-EV || \u0645\u062a\u0648\u0641\u0631 \u0623\u064a\u0636\u0627\u064b: <a href=\"https:\/\/www.alrazanaonline.com\">FE-77-ECO<\/a><\/li>\n<li>\u0627\u0644\u0639\u0644\u0627\u0645\u0629 \u0627\u0644\u062a\u062c\u0627\u0631\u064a\u0629 : RM GASTRO<\/li>\n<li>\u0623\u0648\u0631\u0648\u0628\u0627 \u0635\u0646\u0639\u062a<\/li>\n<\/ul>\n<\/li>\n<\/ul>\n<p style=\"text-align: center;\"><span style=\"color: #3366ff;\">| <a style=\"color: #3366ff;\" href=\"https:\/\/www.alrazanaonline.com\/\">\u0627\u0644\u0639\u0648\u062f\u0629 \u0625\u0644\u0649 \u0627\u0644\u0635\u0641\u062d\u0629 \u0627\u0644\u0631\u0626\u064a\u0633\u064a\u0629 <\/a>|| <a style=\"color: #3366ff;\" href=\"https:\/\/www.alrazanaonline.com\/shop-commercial-kitchen-equipments\/\">\u0627\u0644\u0639\u0648\u062f\u0629 \u0625\u0644\u0649 \u0627\u0644\u0645\u062a\u062c\u0631 |<\/a><\/span><\/p>\n","protected":false},"excerpt":{"rendered":"<p>\u0645\u0642\u0644\u0627\u0629 \u0643\u0647\u0631\u0628\u0627\u0626\u064a\u0629 (FE-77-EV) &#8211; Red Fox \u0645\u0639 \u0635\u0646\u0628\u0648\u0631 \u062a\u0635\u0631\u064a\u0641 \u0627\u0644\u0632\u064a\u062a \u0627\u0644\u0633\u0639\u0629: 2 \u00d7 8 \u0644\u062a\u0631 \u062d\u062c\u0645 \u0627\u0644\u0633\u0644\u0629: 2 \u00d7 210<\/p>\n","protected":false},"featured_media":6385,"comment_status":"open","ping_status":"closed","template":"","meta":[],"product_brand":[],"product_cat":[489,396],"product_tag":[],"class_list":{"0":"post-7397","1":"product","2":"type-product","3":"status-publish","4":"has-post-thumbnail","6":"product_cat-489","7":"product_cat-396","9":"first","10":"instock","11":"taxable","12":"shipping-taxable","13":"purchasable","14":"product-type-simple"},"_links":{"self":[{"href":"https:\/\/alrazanaonline.com\/ar\/wp-json\/wp\/v2\/product\/7397","targetHints":{"allow":["GET"]}}],"collection":[{"href":"https:\/\/alrazanaonline.com\/ar\/wp-json\/wp\/v2\/product"}],"about":[{"href":"https:\/\/alrazanaonline.com\/ar\/wp-json\/wp\/v2\/types\/product"}],"replies":[{"embeddable":true,"href":"https:\/\/alrazanaonline.com\/ar\/wp-json\/wp\/v2\/comments?post=7397"}],"version-history":[{"count":0,"href":"https:\/\/alrazanaonline.com\/ar\/wp-json\/wp\/v2\/product\/7397\/revisions"}],"wp:featuredmedia":[{"embeddable":true,"href":"https:\/\/alrazanaonline.com\/ar\/wp-json\/wp\/v2\/media\/6385"}],"wp:attachment":[{"href":"https:\/\/alrazanaonline.com\/ar\/wp-json\/wp\/v2\/media?parent=7397"}],"wp:term":[{"taxonomy":"product_brand","embeddable":true,"href":"https:\/\/alrazanaonline.com\/ar\/wp-json\/wp\/v2\/product_brand?post=7397"},{"taxonomy":"product_cat","embeddable":true,"href":"https:\/\/alrazanaonline.com\/ar\/wp-json\/wp\/v2\/product_cat?post=7397"},{"taxonomy":"product_tag","embeddable":true,"href":"https:\/\/alrazanaonline.com\/ar\/wp-json\/wp\/v2\/product_tag?post=7397"}],"curies":[{"name":"wp","href":"https:\/\/api.w.org\/{rel}","templated":true}]}}